{"id":4902,"date":"2025-09-26T19:20:50","date_gmt":"2025-09-26T10:20:50","guid":{"rendered":"https:\/\/seoulhairsalon.com\/kieu-toc\/ngan\/"},"modified":"2025-10-04T16:56:41","modified_gmt":"2025-10-04T07:56:41","slug":"short","status":"publish","type":"page","link":"https:\/\/seoulhairsalon.com\/vi\/hair-style\/short\/","title":{"rendered":"ng\u1eafn"},"content":{"rendered":"\t\t<div data-elementor-type=\"wp-page\" data-elementor-id=\"4902\" class=\"elementor elementor-4902 elementor-2324\" data-elementor-post-type=\"page\">\n\t\t\t\t<div class=\"elementor-element elementor-element-7c86613 e-flex e-con-boxed e-con e-parent\" data-id=\"7c86613\" data-element_type=\"container\">\n\t\t\t\t\t<div class=\"e-con-inner\">\n\t\t\t\t<div class=\"elementor-element elementor-element-1d011a3 elementor-widget elementor-widget-heading\" data-id=\"1d011a3\" data-element_type=\"widget\" data-widget_type=\"heading.default\">\n\t\t\t\t<div class=\"elementor-widget-container\">\n\t\t\t\t\t<h1 class=\"elementor-heading-title elementor-size-default\">Ki\u1ec3u t\u00f3c ng\u1eafn<\/h1>\t\t\t\t<\/div>\n\t\t\t\t<\/div>\n\t\t\t\t<div class=\"elementor-element elementor-element-b95bd58 elementor-widget elementor-widget-spacer\" data-id=\"b95bd58\" data-element_type=\"widget\" data-widget_type=\"spacer.default\">\n\t\t\t\t<div class=\"elementor-widget-container\">\n\t\t\t\t\t\t\t<div class=\"elementor-spacer\">\n\t\t\t<div class=\"elementor-spacer-inner\"><\/div>\n\t\t<\/div>\n\t\t\t\t\t\t<\/div>\n\t\t\t\t<\/div>\n\t\t\t\t<div class=\"elementor-element elementor-element-065c7fb elementor-widget elementor-widget-uael-posts\" data-id=\"065c7fb\" data-element_type=\"widget\" data-settings=\"{&quot;classic_slides_to_show&quot;:2,&quot;classic_slides_to_show_tablet&quot;:2,&quot;classic_slides_to_show_mobile&quot;:1,&quot;classic_show_filters&quot;:&quot;no&quot;}\" data-widget_type=\"uael-posts.classic\">\n\t\t\t\t<div class=\"elementor-widget-container\">\n\t\t\t\t\t\t\t<div class=\"uael-post__header\">\n\t\t\t\t\t<\/div>\n\t\t<div class=\"uael-post__body\">\n\t\t\t\n\t\t\n\t\t<div class=\"uael-blog-terms-position-above_content uael-post-image-top uael-post-grid uael-posts\" data-query-type=\"custom\" data-structure=\"normal\" data-layout=\"\" data-page=\"4902\" data-skin=\"classic\" data-filter-default=\"\" data-offset-top=\"30\" >\n\n\t\t\t\t\t\t\t<div class=\"uael-post-grid__inner uael-post__columns-2 uael-post__columns-tablet-2 uael-post__columns-mobile-1\">\n\t\t\t\n<div class=\"uael-post-wrapper   short \">\n\t<div class=\"uael-post__bg-wrap uael-bg-wrap-disabled \">\n\n\t\t\t\t\n\t\t<div class=\"uael-post__inner-wrap uael-inner-wrap-disabled\">\n\n\t\t\t\t<div class=\"uael-post__thumbnail\">\n\t\t\t\n\t\t\t<a href=\"https:\/\/seoulhairsalon.com\/vi\/hair-style\/short\/short-perm\/\" target=\"_self\" title=\"Phong c\u00e1ch s\u00e0nh \u0111i\u1ec7u t\u1ea1i Salon t\u00f3c H\u00e0n Qu\u1ed1c t\u1ea1i Seoul: 6 ki\u1ec3u u\u1ed1n t\u00f3c ng\u1eafn H\u00e0n Qu\u1ed1c\"><img fetchpriority=\"high\" decoding=\"async\" width=\"960\" height=\"1200\" src=\"https:\/\/seoulhairsalon.com\/wp-content\/uploads\/2025\/10\/korean-seoul-hair-salon-short-hairstyles-collection-01.jpg\" class=\"attachment-full size-full wp-image-6653\" alt=\"B\u1ed9 s\u01b0u t\u1eadp ki\u1ec3u t\u00f3c ng\u1eafn t\u1ea1i Salon t\u00f3c Seoul H\u00e0n Qu\u1ed1c 06\" title=\"\" srcset=\"https:\/\/seoulhairsalon.com\/wp-content\/uploads\/2025\/10\/korean-seoul-hair-salon-short-hairstyles-collection-01.jpg 960w, https:\/\/seoulhairsalon.com\/wp-content\/uploads\/2025\/10\/korean-seoul-hair-salon-short-hairstyles-collection-01-240x300.jpg 240w, https:\/\/seoulhairsalon.com\/wp-content\/uploads\/2025\/10\/korean-seoul-hair-salon-short-hairstyles-collection-01-819x1024.jpg 819w, https:\/\/seoulhairsalon.com\/wp-content\/uploads\/2025\/10\/korean-seoul-hair-salon-short-hairstyles-collection-01-768x960.jpg 768w\" sizes=\"(max-width: 960px) 100vw, 960px\" \/><\/a>\n\t\t\t\t\t<\/div>\n\t\t\n\t\t\t\n\t\t\t<div class=\"uael-post__content-wrap uael-content-wrap-disabled\">\n\t\t\t\t\t\t\t<div class=\"uael-post__terms-wrap\"><span class=\"uael-post__terms\"><span class=\"uael-listing__terms-link\">Short<\/span><\/span><\/div>\n\t\t\t\t\t\t<h3 class=\"uael-post__title\">\n\n\t\t\n\t\t\t\t\t\t<a href=\"https:\/\/seoulhairsalon.com\/vi\/hair-style\/short\/short-perm\/\" target=\"_self\">\n\t\t\t\tPhong c\u00e1ch s\u00e0nh \u0111i\u1ec7u t\u1ea1i Salon t\u00f3c H\u00e0n Qu\u1ed1c t\u1ea1i Seoul: 6 ki\u1ec3u u\u1ed1n t\u00f3c ng\u1eafn H\u00e0n Qu\u1ed1c\t\t\t<\/a>\n\n\t\t\t\t<\/h3>\n\t\t\n\t\t<div class=\"uael-post__excerpt\">\n\t\t\tB\u1ea1n \u0111ang t\u00ecm ki\u1ebfm ki\u1ec3u t\u00f3c u\u1ed1n ng\u1eafn H\u00e0n Qu\u1ed1c hi\u1ec7n \u0111\u1ea1i v\u00e0 sang tr\u1ecdng? B\u00e0i vi\u1ebft n\u00e0y gi\u1edbi thi\u1ec7u 6 ki\u1ec3u t\u00f3c u\u1ed1n ng\u1eafn ...\t\t<\/div>\n\n\t\t\t\t\t<a class=\"uael-post__read-more elementor-button\" href=\"https:\/\/seoulhairsalon.com\/vi\/hair-style\/short\/short-perm\/\" target=\"_self\" aria-labelledby=\"uael-post-6652\">\n\t\t\t\t\t<span class=\"elementor-button-content-wrapper\">\n\t\t\t\t\t\t\t\t\t\t\t\t\t\t<span class=\"elementor-button-icon elementor-align-icon-left\">\n\n\t\t\t\t\t\t\t\t\t\n\t\t\t\t\t\t\t\t<\/span>\n\t\t\t\t\t\t\t\t\t\t\t\t\t\n\t\t\t\t\t\t<span class=\"elementor-button-text\" id=uael-post-6652>Xem th\u00eam \u2192<\/span>\n\t\t\t\t\t<\/span>\n\t\t\t\t<\/a>\n\t\t\t\t\t\t<\/div>\n\t\t\t\n\t\t<\/div>\n\t\t\n\t<\/div>\n\n<\/div>\n\t\t\t\t<\/div>\n\t\t\t\t\t\t\n\t\t<\/div>\n\n\t\t\t\t\t\t<\/div>\n\t\t<div class=\"uael-post__footer\">\n\t\t\t\t\t<\/div>\n\t\t\t\t\t\t<\/div>\n\t\t\t\t<\/div>\n\t\t\t\t\t<\/div>\n\t\t\t\t<\/div>\n\t\t\t\t<\/div>\n\t\t","protected":false},"excerpt":{"rendered":"<p>Ki\u1ec3u t\u00f3c ng\u1eafn short Chic &#038; Easy: Must-Try Korean Short Hair &amp; Perm at Seoul Hair Salon Chic &amp; Easy: Must-Try Korean Short Hair Cut &amp; Perm at Seoul Hair Salon is Your Perfect Choice! Thank you to all the international customers &#8230; Xem th\u00eam \u2192 short Seoul Hair Salon&#8217;s Top Trendy Korean Short Bob [&hellip;]<\/p>\n","protected":false},"author":1,"featured_media":0,"parent":4591,"menu_order":0,"comment_status":"closed","ping_status":"closed","template":"","meta":{"site-sidebar-layout":"default","site-content-layout":"","ast-site-content-layout":"default","site-content-style":"default","site-sidebar-style":"default","ast-global-header-display":"","ast-banner-title-visibility":"","ast-main-header-display":"","ast-hfb-above-header-display":"","ast-hfb-below-header-display":"","ast-hfb-mobile-header-display":"","site-post-title":"disabled","ast-breadcrumbs-content":"","ast-featured-img":"","footer-sml-layout":"","theme-transparent-header-meta":"","adv-header-id-meta":"","stick-header-meta":"","header-above-stick-meta":"","header-main-stick-meta":"","header-below-stick-meta":"","astra-migrate-meta-layouts":"default","ast-page-background-enabled":"default","ast-page-background-meta":{"desktop":{"background-color":"","background-image":"","background-repeat":"repeat","background-position":"center center","background-size":"auto","background-attachment":"scroll","background-type":"","background-media":"","overlay-type":"","overlay-color":"","overlay-opacity":"","overlay-gradient":""},"tablet":{"background-color":"","background-image":"","background-repeat":"repeat","background-position":"center center","background-size":"auto","background-attachment":"scroll","background-type":"","background-media":"","overlay-type":"","overlay-color":"","overlay-opacity":"","overlay-gradient":""},"mobile":{"background-color":"","background-image":"","background-repeat":"repeat","background-position":"center center","background-size":"auto","background-attachment":"scroll","background-type":"","background-media":"","overlay-type":"","overlay-color":"","overlay-opacity":"","overlay-gradient":""}},"ast-content-background-meta":{"desktop":{"background-color":"var(--ast-global-color-5)","background-image":"","background-repeat":"repeat","background-position":"center center","background-size":"auto","background-attachment":"scroll","background-type":"","background-media":"","overlay-type":"","overlay-color":"","overlay-opacity":"","overlay-gradient":""},"tablet":{"background-color":"var(--ast-global-color-5)","background-image":"","background-repeat":"repeat","background-position":"center center","background-size":"auto","background-attachment":"scroll","background-type":"","background-media":"","overlay-type":"","overlay-color":"","overlay-opacity":"","overlay-gradient":""},"mobile":{"background-color":"var(--ast-global-color-5)","background-image":"","background-repeat":"repeat","background-position":"center center","background-size":"auto","background-attachment":"scroll","background-type":"","background-media":"","overlay-type":"","overlay-color":"","overlay-opacity":"","overlay-gradient":""}},"footnotes":""},"class_list":["post-4902","page","type-page","status-publish","hentry"],"_links":{"self":[{"href":"https:\/\/seoulhairsalon.com\/vi\/wp-json\/wp\/v2\/pages\/4902","targetHints":{"allow":["GET"]}}],"collection":[{"href":"https:\/\/seoulhairsalon.com\/vi\/wp-json\/wp\/v2\/pages"}],"about":[{"href":"https:\/\/seoulhairsalon.com\/vi\/wp-json\/wp\/v2\/types\/page"}],"author":[{"embeddable":true,"href":"https:\/\/seoulhairsalon.com\/vi\/wp-json\/wp\/v2\/users\/1"}],"replies":[{"embeddable":true,"href":"https:\/\/seoulhairsalon.com\/vi\/wp-json\/wp\/v2\/comments?post=4902"}],"version-history":[{"count":0,"href":"https:\/\/seoulhairsalon.com\/vi\/wp-json\/wp\/v2\/pages\/4902\/revisions"}],"up":[{"embeddable":true,"href":"https:\/\/seoulhairsalon.com\/vi\/wp-json\/wp\/v2\/pages\/4591"}],"wp:attachment":[{"href":"https:\/\/seoulhairsalon.com\/vi\/wp-json\/wp\/v2\/media?parent=4902"}],"curies":[{"name":"wp","href":"https:\/\/api.w.org\/{rel}","templated":true}]}}