{"id":4774,"date":"2025-09-26T01:09:39","date_gmt":"2025-09-25T16:09:39","guid":{"rendered":"https:\/\/seoulhairsalon.com\/dat-lich\/"},"modified":"2025-10-09T11:12:09","modified_gmt":"2025-10-09T02:12:09","slug":"booking","status":"publish","type":"page","link":"https:\/\/seoulhairsalon.com\/vi\/booking\/","title":{"rendered":"\u0110\u1eb7t l\u1ecbch"},"content":{"rendered":"\t\t<div data-elementor-type=\"wp-page\" data-elementor-id=\"4774\" class=\"elementor elementor-4774 elementor-816\" data-elementor-post-type=\"page\">\n\t\t\t\t<div class=\"elementor-element elementor-element-ec1d459 e-con-full e-flex e-con e-parent\" data-id=\"ec1d459\" data-element_type=\"container\" data-settings=\"{&quot;background_background&quot;:&quot;classic&quot;}\">\n\t\t<div class=\"elementor-element elementor-element-cb46e2c e-con-full e-flex e-con e-child\" data-id=\"cb46e2c\" data-element_type=\"container\">\n\t\t\t\t<div class=\"elementor-element elementor-element-2422f00 elementor-widget elementor-widget-heading\" data-id=\"2422f00\" data-element_type=\"widget\" data-widget_type=\"heading.default\">\n\t\t\t\t<div class=\"elementor-widget-container\">\n\t\t\t\t\t<h1 class=\"elementor-heading-title elementor-size-default\">Ti\u1ec7m l\u00e0m t\u00f3c H\u00e0n Qu\u1ed1c t\u1ea1i Seoul\n \u0110\u1eb7t ch\u1ed7<\/h1>\t\t\t\t<\/div>\n\t\t\t\t<\/div>\n\t\t\t\t<div class=\"elementor-element elementor-element-8876c38 elementor-widget elementor-widget-text-editor\" data-id=\"8876c38\" data-element_type=\"widget\" data-widget_type=\"text-editor.default\">\n\t\t\t\t<div class=\"elementor-widget-container\">\n\t\t\t\t\t\t\t\t\t<p>Ch\u00e0o m\u1eebng \u0111\u1ebfn v\u1edbi Salon t\u00f3c H\u00e0n Qu\u1ed1c t\u1ea1i Seoul<br> trang \u0111\u1eb7t ph\u00f2ng.<br data-start=\"209\" data-end=\"212\"> Vui l\u00f2ng l\u00e0m theo c\u00e1c b\u01b0\u1edbc d\u01b0\u1edbi \u0111\u00e2y \u0111\u1ec3 th\u1ef1c hi\u1ec7n<br> \u0111\u1eb7t ch\u1ed7 c\u1ee7a b\u1ea1n m\u1ed9t c\u00e1ch d\u1ec5 d\u00e0ng.<\/p>\t\t\t\t\t\t\t\t<\/div>\n\t\t\t\t<\/div>\n\t\t\t\t<div class=\"elementor-element elementor-element-b1ab12e elementor-widget elementor-widget-heading\" data-id=\"b1ab12e\" data-element_type=\"widget\" data-widget_type=\"heading.default\">\n\t\t\t\t<div class=\"elementor-widget-container\">\n\t\t\t\t\t<h2 class=\"elementor-heading-title elementor-size-default\">C\u00e1ch \u0111\u1eb7t l\u1ecbch<\/h2>\t\t\t\t<\/div>\n\t\t\t\t<\/div>\n\t\t\t\t<div class=\"elementor-element elementor-element-6a8f40d elementor-widget elementor-widget-text-editor\" data-id=\"6a8f40d\" data-element_type=\"widget\" data-widget_type=\"text-editor.default\">\n\t\t\t\t<div class=\"elementor-widget-container\">\n\t\t\t\t\t\t\t\t\t<p>1. Ch\u1ecdn s\u1ed1 l\u01b0\u1ee3ng kh\u00e1ch.<br> 2. Ch\u1ecdn ng\u00e0y v\u00e0 gi\u1edd b\u1ea1n mu\u1ed1n.<br> 3. \u0110i\u1ec1n th\u00f4ng tin c\u00e1 nh\u00e2n v\u00e0 d\u1ecbch v\u1ee5 mong mu\u1ed1n.<br> 4. Vui l\u00f2ng th\u1ef1c hi\u1ec7n thanh to\u00e1n ti\u1ec1n \u0111\u1eb7t c\u1ecdc.<br> <span style=\"font-size: 14.592px; font-style: inherit; font-weight: inherit;\">5. \u0110\u1eb7t ch\u1ed7 c\u1ee7a b\u1ea1n s\u1ebd \u0111\u01b0\u1ee3c x\u00e1c nh\u1eadn trong v\u00f2ng 12 gi\u1edd.<br> Ch\u00fang t\u00f4i s\u1ebd li\u00ean h\u1ec7 v\u1edbi b\u1ea1n qua SNS ho\u1eb7c email n\u1ebfu c\u1ea7n \u0111i\u1ec1u ch\u1ec9nh th\u1eddi gian.<\/span><\/p>\n<p>6. Ch\u1ec9 ch\u1ea5p nh\u1eadn \u0111\u1eb7t ch\u1ed7 trong ng\u00e0y qua Instagram.<br> <span style=\"font-size: 14.592px; font-style: inherit; font-weight: inherit;\">7. Vui l\u00f2ng li\u00ean h\u1ec7 v\u1edbi ch\u00fang t\u00f4i qua Instagram<\/span> <a href=\"https:\/\/instagram.com\/seoulhairsalon\" style=\"font-size: 14.592px; font-style: inherit; font-weight: inherit; background-color: rgb(255, 255, 255);\" target=\"_blank\" rel=\"noopener\">@seoulhairsalon<\/a><\/p>\t\t\t\t\t\t\t\t<\/div>\n\t\t\t\t<\/div>\n\t\t\t\t<div class=\"elementor-element elementor-element-d1da959 elementor-widget elementor-widget-heading\" data-id=\"d1da959\" data-element_type=\"widget\" data-widget_type=\"heading.default\">\n\t\t\t\t<div class=\"elementor-widget-container\">\n\t\t\t\t\t<h2 class=\"elementor-heading-title elementor-size-default\">Ch\u00ednh s\u00e1ch \u0111\u1eb7t c\u1ecdc<\/h2>\t\t\t\t<\/div>\n\t\t\t\t<\/div>\n\t\t\t\t<div class=\"elementor-element elementor-element-c0eff42 elementor-widget elementor-widget-text-editor\" data-id=\"c0eff42\" data-element_type=\"widget\" data-widget_type=\"text-editor.default\">\n\t\t\t\t<div class=\"elementor-widget-container\">\n\t\t\t\t\t\t\t\t\t<p>M\u1ed7i kh\u00e1ch ph\u1ea3i \u0111\u1eb7t c\u1ecdc 16 \u0111\u00f4 la.<\/p><p>S\u1ed1 ti\u1ec1n c\u1ed1 \u0111\u1ecbnh l\u00e0 20.000 KRW v\u00e0 s\u1ebd \u0111\u01b0\u1ee3c kh\u1ea5u tr\u1eeb v\u00e0o kho\u1ea3n thanh to\u00e1n cu\u1ed1i c\u00f9ng t\u1ea1i ti\u1ec7m.<\/p>\t\t\t\t\t\t\t\t<\/div>\n\t\t\t\t<\/div>\n\t\t\t\t<div class=\"elementor-element elementor-element-b6281a4 elementor-widget elementor-widget-stepbooking\" data-id=\"b6281a4\" data-element_type=\"widget\" data-widget_type=\"stepbooking.default\">\n\t\t\t\t<div class=\"elementor-widget-container\">\n\t\t\t\t\t\n<script>\n  if (typeof hasAmeliaEntitiesApiCall === 'undefined' && ('' === '' && '' !== '1')) {\n    var hasAmeliaEntitiesApiCall = true;\n  }\n  var ameliaShortcodeData = (typeof ameliaShortcodeData === 'undefined') ? [] : ameliaShortcodeData;\n  ameliaShortcodeData.push(\n    {\n      'hasApiCall': (typeof hasAmeliaEntitiesApiCall !== 'undefined') && hasAmeliaEntitiesApiCall,\n      'trigger': '',\n      'trigger_type': '',\n      'triggered_form': 'sbsNew',\n      'in_dialog': '',\n      'show': '',\n      'counter': '1000',\n      'category': '',\n      'service': '',\n      'employee': '',\n      'location': '',\n      'package': '',\n      'layout': '1',\n    }\n  );\n\n  var ameliaShortcodeDataTriggered = (typeof ameliaShortcodeDataTriggered === 'undefined') ? [] : ameliaShortcodeDataTriggered;\n  if (ameliaShortcodeData[ameliaShortcodeData.length - 1].trigger !== '') {\n    if (ameliaShortcodeDataTriggered.filter(a => a.counter === ameliaShortcodeData[ameliaShortcodeData.length - 1].counter).length === 0) {\n      ameliaShortcodeDataTriggered.push(ameliaShortcodeData.pop());\n    } else {\n      ameliaShortcodeData.pop()\n    }\n  }\n  if (typeof hasAmeliaEntitiesApiCall !== 'undefined' && hasAmeliaEntitiesApiCall) {\n    hasAmeliaEntitiesApiCall = false;\n  }\n<\/script>\n\n<div\n  id=\"amelia-v2-booking-1000\"\n  class=\"amelia-v2-booking\"\n >\n    <step-form-wrapper><\/step-form-wrapper><\/div>\n\t\t\t\t<\/div>\n\t\t\t\t<\/div>\n\t\t\t\t<div class=\"elementor-element elementor-element-ac7c4dd elementor-widget elementor-widget-spacer\" data-id=\"ac7c4dd\" data-element_type=\"widget\" data-widget_type=\"spacer.default\">\n\t\t\t\t<div class=\"elementor-widget-container\">\n\t\t\t\t\t\t\t<div class=\"elementor-spacer\">\n\t\t\t<div class=\"elementor-spacer-inner\"><\/div>\n\t\t<\/div>\n\t\t\t\t\t\t<\/div>\n\t\t\t\t<\/div>\n\t\t\t\t<div class=\"elementor-element elementor-element-ab79f45 elementor-widget elementor-widget-heading\" data-id=\"ab79f45\" data-element_type=\"widget\" data-widget_type=\"heading.default\">\n\t\t\t\t<div class=\"elementor-widget-container\">\n\t\t\t\t\t<h2 class=\"elementor-heading-title elementor-size-default\">Li\u00ean h\u1ec7<\/h2>\t\t\t\t<\/div>\n\t\t\t\t<\/div>\n\t\t\t\t<div class=\"elementor-element elementor-element-9589e2a elementor-widget elementor-widget-text-editor\" data-id=\"9589e2a\" data-element_type=\"widget\" data-widget_type=\"text-editor.default\">\n\t\t\t\t<div class=\"elementor-widget-container\">\n\t\t\t\t\t\t\t\t\t<p data-start=\"54\" data-end=\"114\">\n<\/p><ul>\n<li><span style=\"font-style: inherit; font-weight: inherit;\"><a href=\"https:\/\/share.google\/3oidSptcEPx6x0SLZ\" target=\"_blank\" rel=\"noopener\">\u0110\u1ecba ch\u1ec9: T\u1ea7ng 3, s\u1ed1 96 Dasan-ro, Jung-gu, Seoul<\/a><\/span><\/li>\n<li>T\u00e0u \u0111i\u1ec7n ng\u1ea7m: 60 m t\u1eeb L\u1ed1i ra s\u1ed1 7,<br> Ga Yaksu (Tuy\u1ebfn 3 &amp; 6)<\/li>\n<li>Gi\u1edd m\u1edf c\u1eeda: 10:00 \u2013 20:00<br><br><\/li>\n<li>M\u1ecdi th\u1eafc m\u1eafc vui l\u00f2ng g\u1eedi email \u0111\u1ebfn <span style=\"font-weight: bold;\" data-start=\"86\" data-end=\"114\"><a style=\"background-color: #ffffff; color: #3a3a3a; transition-property: all;\" rel=\"noopener\" data-start=\"88\" data-end=\"112\">avays<\/a> <a style=\"color: #3a3a3a; transition-property: all;\" rel=\"noopener\" data-start=\"88\" data-end=\"112\">@naver.com<\/a><\/span><\/li>\n<li><a href=\"https:\/\/www.instagram.com\/seoulhairsalon\" target=\"_blank\" rel=\"noopener\"><span style=\"font-weight: 400; font-size: 14.592px; font-style: inherit; background-color: #ffffff; color: #4b4f58; text-align: left;\">INSTAGRAM<\/span> <span style=\"color: #3a3a3a;\">\n  <span style=\"background-color: #ffffff; font-size: 14.592px; text-align: left;\">@seoulhairsalon<\/span>\n<\/span><\/a><\/li>\n<\/ul>\t\t\t\t\t\t\t\t<\/div>\n\t\t\t\t<\/div>\n\t\t\t\t<div class=\"elementor-element elementor-element-ffd72e0 elementor-widget elementor-widget-spacer\" data-id=\"ffd72e0\" data-element_type=\"widget\" data-widget_type=\"spacer.default\">\n\t\t\t\t<div class=\"elementor-widget-container\">\n\t\t\t\t\t\t\t<div class=\"elementor-spacer\">\n\t\t\t<div class=\"elementor-spacer-inner\"><\/div>\n\t\t<\/div>\n\t\t\t\t\t\t<\/div>\n\t\t\t\t<\/div>\n\t\t\t\t<div class=\"elementor-element elementor-element-4b86d0d elementor-widget elementor-widget-heading\" data-id=\"4b86d0d\" data-element_type=\"widget\" data-widget_type=\"heading.default\">\n\t\t\t\t<div class=\"elementor-widget-container\">\n\t\t\t\t\t<h2 class=\"elementor-heading-title elementor-size-default\">Ch\u00ednh s\u00e1ch h\u1ee7y v\u00e0 ho\u00e0n ti\u1ec1n<\/h2>\t\t\t\t<\/div>\n\t\t\t\t<\/div>\n\t\t\t\t<div class=\"elementor-element elementor-element-f6a8eda elementor-widget elementor-widget-text-editor\" data-id=\"f6a8eda\" data-element_type=\"widget\" data-widget_type=\"text-editor.default\">\n\t\t\t\t<div class=\"elementor-widget-container\">\n\t\t\t\t\t\t\t\t\t<ul>\n<li>C\u00f3 th\u1ec3 thay \u0111\u1ed5i \u0111\u1eb7t ch\u1ed7 m\u1ed9t l\u1ea7n, ch\u1eadm nh\u1ea5t l\u00e0 2 ng\u00e0y tr\u01b0\u1edbc cu\u1ed9c h\u1eb9n.<\/li>\n<li>Trong tr\u01b0\u1eddng h\u1ee3p kh\u00f4ng \u0111\u1ebfn, s\u1ebd kh\u00f4ng \u0111\u01b0\u1ee3c ho\u00e0n ti\u1ec1n ho\u1eb7c thay \u0111\u1ed5i l\u1ecbch tr\u00ecnh.<\/li>\n<li>N\u1ebfu b\u1ea1n \u0111\u1ebfn mu\u1ed9n h\u01a1n 15 ph\u00fat m\u00e0 kh\u00f4ng b\u00e1o tr\u01b0\u1edbc,<br> \u0111\u1eb7t ch\u1ed7 c\u1ee7a b\u1ea1n c\u00f3 th\u1ec3 b\u1ecb h\u1ee7y v\u00e0 \u0111\u01b0\u1ee3c \u0111\u00e1nh d\u1ea5u l\u00e0 kh\u00f4ng \u0111\u1ebfn.<\/li>\n<li>N\u1ebfu b\u1ea1n \u0111\u1ebfn mu\u1ed9n, th\u1eddi gian ch\u1edd \u0111\u1ee3i c\u00f3 th\u1ec3 x\u1ea3y ra v\u00e0 th\u1eddi gian ph\u1ee5c v\u1ee5 c\u00f3 th\u1ec3<br> \u0111\u01b0\u1ee3c r\u00fat ng\u1eafn l\u1ea1i.<\/li>\n<li>Tr\u01b0\u1edbc 3 ng\u00e0y: ho\u00e0n ti\u1ec1n 100%<br> (kh\u00f4ng bao g\u1ed3m ph\u00ed giao d\u1ecbch)<\/li>\n<li>Tr\u01b0\u1edbc 2 ng\u00e0y: ho\u00e0n ti\u1ec1n 40%<br> (kh\u00f4ng bao g\u1ed3m ph\u00ed giao d\u1ecbch)<\/li>\n<li>Tr\u01b0\u1edbc 1 ng\u00e0y: ho\u00e0n ti\u1ec1n 20%<br> (kh\u00f4ng bao g\u1ed3m ph\u00ed giao d\u1ecbch)<\/li>\n<li>B\u1ea5t k\u1ef3 kho\u1ea3n ph\u00ed h\u1ee7y b\u1ecf n\u00e0o s\u1ebd \u0111\u01b0\u1ee3c ch\u1ecbu<br> b\u1edfi kh\u00e1ch h\u00e0ng.<\/li>\n<li>\u0110\u1ed1i v\u1edbi b\u1ea5t k\u1ef3 y\u00eau c\u1ea7u n\u00e0o v\u1ec1 thay \u0111\u1ed5i ho\u1eb7c h\u1ee7y \u0111\u1eb7t ph\u00f2ng<br> Vui l\u00f2ng li\u00ean h\u1ec7 v\u1edbi ch\u00fang t\u00f4i ch\u1ec9 qua Instagram DM <a href=\"https:\/\/www.instagram.com\/seoulhairsalon\" target=\"_blank\" rel=\"noopener\">@seoulhairsalon<\/a><\/li>\n<\/ul>\t\t\t\t\t\t\t\t<\/div>\n\t\t\t\t<\/div>\n\t\t\t\t<div class=\"elementor-element elementor-element-941c8bf elementor-widget elementor-widget-google_maps\" data-id=\"941c8bf\" data-element_type=\"widget\" data-widget_type=\"google_maps.default\">\n\t\t\t\t<div class=\"elementor-widget-container\">\n\t\t\t\t\t\t\t<div class=\"elementor-custom-embed\">\n\t\t\t<iframe loading=\"lazy\"\n\t\t\t\t\tsrc=\"https:\/\/www.google.com\/maps\/embed\/v1\/place?key=AIzaSyAcF3fkSnUFDZbuTrcC2H74M54-jotysJU&#038;q=Seoul%2C%20Jung%20District%2C%20Dasan-ro%2C%2096%20%EC%97%90%EC%9D%B4%EB%B0%94%ED%97%A4%EC%96%B4%20%ED%95%9C%EB%82%A8%EC%95%BD%EC%88%98%EC%A0%90%203%EC%B8%B5&#038;zoom=18\"\n\t\t\t\t\ttitle=\"Seoul, Jung District, Dasan-ro, 96 \uc5d0\uc774\ubc14\ud5e4\uc5b4 \ud55c\ub0a8\uc57d\uc218\uc810 3\uce35\"\n\t\t\t\t\taria-label=\"Seoul, Jung District, Dasan-ro, 96 \uc5d0\uc774\ubc14\ud5e4\uc5b4 \ud55c\ub0a8\uc57d\uc218\uc810 3\uce35\"\n\t\t\t><\/iframe>\n\t\t<\/div>\n\t\t\t\t\t\t<\/div>\n\t\t\t\t<\/div>\n\t\t\t\t<\/div>\n\t\t\t\t<\/div>\n\t\t\t\t<\/div>\n\t\t","protected":false},"excerpt":{"rendered":"<p>Ti\u1ec7m l\u00e0m t\u00f3c H\u00e0n Qu\u1ed1c t\u1ea1i Seoul \u0110\u1eb7t ch\u1ed7 Ch\u00e0o m\u1eebng \u0111\u1ebfn v\u1edbi Salon t\u00f3c H\u00e0n Qu\u1ed1c t\u1ea1i Seoul trang \u0111\u1eb7t ph\u00f2ng. Vui l\u00f2ng l\u00e0m theo c\u00e1c b\u01b0\u1edbc d\u01b0\u1edbi \u0111\u00e2y \u0111\u1ec3 th\u1ef1c hi\u1ec7n \u0111\u1eb7t ch\u1ed7 c\u1ee7a b\u1ea1n m\u1ed9t c\u00e1ch d\u1ec5 d\u00e0ng. C\u00e1ch \u0111\u1eb7t l\u1ecbch 1. Ch\u1ecdn s\u1ed1 l\u01b0\u1ee3ng kh\u00e1ch. 2. Ch\u1ecdn ng\u00e0y v\u00e0 gi\u1edd b\u1ea1n [&hellip;]<\/p>\n","protected":false},"author":1,"featured_media":0,"parent":0,"menu_order":0,"comment_status":"closed","ping_status":"closed","template":"","meta":{"site-sidebar-layout":"no-sidebar","site-content-layout":"page-builder","ast-site-content-layout":"full-width-container","site-content-style":"unboxed","site-sidebar-style":"unboxed","ast-global-header-display":"","ast-banner-title-visibility":"","ast-main-header-display":"","ast-hfb-above-header-display":"","ast-hfb-below-header-display":"","ast-hfb-mobile-header-display":"","site-post-title":"disabled","ast-breadcrumbs-content":"","ast-featured-img":"disabled","footer-sml-layout":"","theme-transparent-header-meta":"enabled","adv-header-id-meta":"","stick-header-meta":"","header-above-stick-meta":"","header-main-stick-meta":"","header-below-stick-meta":"","astra-migrate-meta-layouts":"default","ast-page-background-enabled":"default","ast-page-background-meta":{"desktop":{"background-color":"","background-image":"","background-repeat":"repeat","background-position":"center center","background-size":"auto","background-attachment":"scroll","background-type":"","background-media":"","overlay-type":"","overlay-color":"","overlay-opacity":"","overlay-gradient":""},"tablet":{"background-color":"","background-image":"","background-repeat":"repeat","background-position":"center center","background-size":"auto","background-attachment":"scroll","background-type":"","background-media":"","overlay-type":"","overlay-color":"","overlay-opacity":"","overlay-gradient":""},"mobile":{"background-color":"","background-image":"","background-repeat":"repeat","background-position":"center center","background-size":"auto","background-attachment":"scroll","background-type":"","background-media":"","overlay-type":"","overlay-color":"","overlay-opacity":"","overlay-gradient":""}},"ast-content-background-meta":{"desktop":{"background-color":"var(--ast-global-color-5)","background-image":"","background-repeat":"repeat","background-position":"center center","background-size":"auto","background-attachment":"scroll","background-type":"","background-media":"","overlay-type":"","overlay-color":"","overlay-opacity":"","overlay-gradient":""},"tablet":{"background-color":"var(--ast-global-color-5)","background-image":"","background-repeat":"repeat","background-position":"center center","background-size":"auto","background-attachment":"scroll","background-type":"","background-media":"","overlay-type":"","overlay-color":"","overlay-opacity":"","overlay-gradient":""},"mobile":{"background-color":"var(--ast-global-color-5)","background-image":"","background-repeat":"repeat","background-position":"center center","background-size":"auto","background-attachment":"scroll","background-type":"","background-media":"","overlay-type":"","overlay-color":"","overlay-opacity":"","overlay-gradient":""}},"footnotes":""},"class_list":["post-4774","page","type-page","status-publish","hentry"],"_links":{"self":[{"href":"https:\/\/seoulhairsalon.com\/vi\/wp-json\/wp\/v2\/pages\/4774","targetHints":{"allow":["GET"]}}],"collection":[{"href":"https:\/\/seoulhairsalon.com\/vi\/wp-json\/wp\/v2\/pages"}],"about":[{"href":"https:\/\/seoulhairsalon.com\/vi\/wp-json\/wp\/v2\/types\/page"}],"author":[{"embeddable":true,"href":"https:\/\/seoulhairsalon.com\/vi\/wp-json\/wp\/v2\/users\/1"}],"replies":[{"embeddable":true,"href":"https:\/\/seoulhairsalon.com\/vi\/wp-json\/wp\/v2\/comments?post=4774"}],"version-history":[{"count":0,"href":"https:\/\/seoulhairsalon.com\/vi\/wp-json\/wp\/v2\/pages\/4774\/revisions"}],"wp:attachment":[{"href":"https:\/\/seoulhairsalon.com\/vi\/wp-json\/wp\/v2\/media?parent=4774"}],"curies":[{"name":"wp","href":"https:\/\/api.w.org\/{rel}","templated":true}]}}