{"id":4025,"date":"2025-09-26T01:09:39","date_gmt":"2025-09-25T16:09:39","guid":{"rendered":"https:\/\/seoulhairsalon.com\/reservation\/"},"modified":"2025-10-09T10:35:22","modified_gmt":"2025-10-09T01:35:22","slug":"booking","status":"publish","type":"page","link":"https:\/\/seoulhairsalon.com\/fr\/booking\/","title":{"rendered":"R\u00e9servation"},"content":{"rendered":"\t\t<div data-elementor-type=\"wp-page\" data-elementor-id=\"4025\" class=\"elementor elementor-4025 elementor-816\" data-elementor-post-type=\"page\">\n\t\t\t\t<div class=\"elementor-element elementor-element-ec1d459 e-con-full e-flex e-con e-parent\" data-id=\"ec1d459\" data-element_type=\"container\" data-settings=\"{&quot;background_background&quot;:&quot;classic&quot;}\">\n\t\t<div class=\"elementor-element elementor-element-cb46e2c e-con-full e-flex e-con e-child\" data-id=\"cb46e2c\" data-element_type=\"container\">\n\t\t\t\t<div class=\"elementor-element elementor-element-2422f00 elementor-widget elementor-widget-heading\" data-id=\"2422f00\" data-element_type=\"widget\" data-widget_type=\"heading.default\">\n\t\t\t\t<div class=\"elementor-widget-container\">\n\t\t\t\t\t<h1 class=\"elementor-heading-title elementor-size-default\">Salon de coiffure cor\u00e9en de S\u00e9oul\nR\u00e9servation<\/h1>\t\t\t\t<\/div>\n\t\t\t\t<\/div>\n\t\t\t\t<div class=\"elementor-element elementor-element-8876c38 elementor-widget elementor-widget-text-editor\" data-id=\"8876c38\" data-element_type=\"widget\" data-widget_type=\"text-editor.default\">\n\t\t\t\t<div class=\"elementor-widget-container\">\n\t\t\t\t\t\t\t\t\t<p>Bienvenue sur la page de r\u00e9servation du salon de coiffure Korean Seoul <br>.<br data-start=\"209\" data-end=\"212\">Veuillez suivre les \u00e9tapes ci-dessous pour effectuer<br> votre r\u00e9servation en toute simplicit\u00e9.<\/p>\t\t\t\t\t\t\t\t<\/div>\n\t\t\t\t<\/div>\n\t\t\t\t<div class=\"elementor-element elementor-element-b1ab12e elementor-widget elementor-widget-heading\" data-id=\"b1ab12e\" data-element_type=\"widget\" data-widget_type=\"heading.default\">\n\t\t\t\t<div class=\"elementor-widget-container\">\n\t\t\t\t\t<h2 class=\"elementor-heading-title elementor-size-default\">Comment r\u00e9server<\/h2>\t\t\t\t<\/div>\n\t\t\t\t<\/div>\n\t\t\t\t<div class=\"elementor-element elementor-element-6a8f40d elementor-widget elementor-widget-text-editor\" data-id=\"6a8f40d\" data-element_type=\"widget\" data-widget_type=\"text-editor.default\">\n\t\t\t\t<div class=\"elementor-widget-container\">\n\t\t\t\t\t\t\t\t\t<p>1. S\u00e9lectionnez le nombre d&rsquo;invit\u00e9s.<br>2. Choisissez la date et l&rsquo;heure souhait\u00e9es.<br>3. Indiquez vos coordonn\u00e9es personnelles et les services souhait\u00e9s.<br>4. Effectuez le paiement de l&rsquo;acompte.<br> 5<span style=\"font-size: 14.592px; font-style: inherit; font-weight: inherit;\">. Votre r\u00e9servation sera confirm\u00e9e dans les 12 heures. <br>Nous vous contacterons par SNS ou par courriel si un changement d&rsquo;horaire est n\u00e9cessaire.<\/span><\/p>\n<p>6. Les r\u00e9servations pour le jour m\u00eame sont accept\u00e9es uniquement via Instagram. <br><span style=\"font-size: 14.592px; font-style: inherit; font-weight: inherit;\">7. Veuillez nous contacter via Instagram <\/span><a href=\"https:\/\/instagram.com\/seoulhairsalon\" style=\"font-size: 14.592px; font-style: inherit; font-weight: inherit; background-color: rgb(255, 255, 255);\" target=\"_blank\" rel=\"noopener\">@seoulhairsalon.<\/a><\/p>\t\t\t\t\t\t\t\t<\/div>\n\t\t\t\t<\/div>\n\t\t\t\t<div class=\"elementor-element elementor-element-d1da959 elementor-widget elementor-widget-heading\" data-id=\"d1da959\" data-element_type=\"widget\" data-widget_type=\"heading.default\">\n\t\t\t\t<div class=\"elementor-widget-container\">\n\t\t\t\t\t<h2 class=\"elementor-heading-title elementor-size-default\">Politique de d\u00e9p\u00f4t<\/h2>\t\t\t\t<\/div>\n\t\t\t\t<\/div>\n\t\t\t\t<div class=\"elementor-element elementor-element-c0eff42 elementor-widget elementor-widget-text-editor\" data-id=\"c0eff42\" data-element_type=\"widget\" data-widget_type=\"text-editor.default\">\n\t\t\t\t<div class=\"elementor-widget-container\">\n\t\t\t\t\t\t\t\t\t<p>Une caution de 16 $ par personne est demand\u00e9e.<\/p><p>Le montant est fix\u00e9 \u00e0 20 000 KRW et sera d\u00e9duit du paiement final au salon.<\/p>\t\t\t\t\t\t\t\t<\/div>\n\t\t\t\t<\/div>\n\t\t\t\t<div class=\"elementor-element elementor-element-b6281a4 elementor-widget elementor-widget-stepbooking\" data-id=\"b6281a4\" data-element_type=\"widget\" data-widget_type=\"stepbooking.default\">\n\t\t\t\t<div class=\"elementor-widget-container\">\n\t\t\t\t\t\n<script>\n  if (typeof hasAmeliaEntitiesApiCall === 'undefined' && ('' === '' && '' !== '1')) {\n    var hasAmeliaEntitiesApiCall = true;\n  }\n  var ameliaShortcodeData = (typeof ameliaShortcodeData === 'undefined') ? [] : ameliaShortcodeData;\n  ameliaShortcodeData.push(\n    {\n      'hasApiCall': (typeof hasAmeliaEntitiesApiCall !== 'undefined') && hasAmeliaEntitiesApiCall,\n      'trigger': '',\n      'trigger_type': '',\n      'triggered_form': 'sbsNew',\n      'in_dialog': '',\n      'show': '',\n      'counter': '1000',\n      'category': '',\n      'service': '',\n      'employee': '',\n      'location': '',\n      'package': '',\n      'layout': '1',\n    }\n  );\n\n  var ameliaShortcodeDataTriggered = (typeof ameliaShortcodeDataTriggered === 'undefined') ? [] : ameliaShortcodeDataTriggered;\n  if (ameliaShortcodeData[ameliaShortcodeData.length - 1].trigger !== '') {\n    if (ameliaShortcodeDataTriggered.filter(a => a.counter === ameliaShortcodeData[ameliaShortcodeData.length - 1].counter).length === 0) {\n      ameliaShortcodeDataTriggered.push(ameliaShortcodeData.pop());\n    } else {\n      ameliaShortcodeData.pop()\n    }\n  }\n  if (typeof hasAmeliaEntitiesApiCall !== 'undefined' && hasAmeliaEntitiesApiCall) {\n    hasAmeliaEntitiesApiCall = false;\n  }\n<\/script>\n\n<div\n  id=\"amelia-v2-booking-1000\"\n  class=\"amelia-v2-booking\"\n >\n    <step-form-wrapper><\/step-form-wrapper><\/div>\n\t\t\t\t<\/div>\n\t\t\t\t<\/div>\n\t\t\t\t<div class=\"elementor-element elementor-element-ac7c4dd elementor-widget elementor-widget-spacer\" data-id=\"ac7c4dd\" data-element_type=\"widget\" data-widget_type=\"spacer.default\">\n\t\t\t\t<div class=\"elementor-widget-container\">\n\t\t\t\t\t\t\t<div class=\"elementor-spacer\">\n\t\t\t<div class=\"elementor-spacer-inner\"><\/div>\n\t\t<\/div>\n\t\t\t\t\t\t<\/div>\n\t\t\t\t<\/div>\n\t\t\t\t<div class=\"elementor-element elementor-element-ab79f45 elementor-widget elementor-widget-heading\" data-id=\"ab79f45\" data-element_type=\"widget\" data-widget_type=\"heading.default\">\n\t\t\t\t<div class=\"elementor-widget-container\">\n\t\t\t\t\t<h2 class=\"elementor-heading-title elementor-size-default\">Contact<\/h2>\t\t\t\t<\/div>\n\t\t\t\t<\/div>\n\t\t\t\t<div class=\"elementor-element elementor-element-9589e2a elementor-widget elementor-widget-text-editor\" data-id=\"9589e2a\" data-element_type=\"widget\" data-widget_type=\"text-editor.default\">\n\t\t\t\t<div class=\"elementor-widget-container\">\n\t\t\t\t\t\t\t\t\t<p data-start=\"54\" data-end=\"114\">\n<\/p><ul>\n<li><span style=\"font-style: inherit; font-weight: inherit;\"><a href=\"https:\/\/share.google\/3oidSptcEPx6x0SLZ\" target=\"_blank\" rel=\"noopener\">Adresse : 3F, 96 Dasan-ro, Jung-gu, Seoul : 3F, 96 Dasan-ro,Jung-gu, Seoul<\/a><\/span><\/li>\n<li>M\u00e9tro : 60 m de la sortie 7,<br>Yaksu Station (Line 3 &amp; 6)<\/li>\n<li>Heures d&rsquo;ouverture : 10:00 &#8211; 20:00<br><br><\/li>\n<li>Pour toute demande de renseignements, veuillez envoyer un courriel \u00e0 <span style=\"font-weight: bold;\" data-start=\"86\" data-end=\"114\">\n  <a style=\"background-color: #ffffff; color: #3a3a3a; transition-property: all;\" rel=\"noopener\" data-start=\"88\" data-end=\"112\">avays<\/a>\n  <a style=\"color: #3a3a3a; transition-property: all;\" rel=\"noopener\" data-start=\"88\" data-end=\"112\">@naver.com<\/a>\n<\/span><\/li>\n<li><a href=\"https:\/\/www.instagram.com\/seoulhairsalon\" target=\"_blank\" rel=\"noopener\"><span style=\"font-weight: 400; font-size: 14.592px; font-style: inherit; background-color: #ffffff; color: #4b4f58; text-align: left;\">INSTAGRAM <\/span><span style=\"color: #3a3a3a;\">\n  <span style=\"background-color: #ffffff; font-size: 14.592px; text-align: left;\">@seoulhairsalon<\/span>\n<\/span><\/a><\/li>\n<\/ul>\t\t\t\t\t\t\t\t<\/div>\n\t\t\t\t<\/div>\n\t\t\t\t<div class=\"elementor-element elementor-element-ffd72e0 elementor-widget elementor-widget-spacer\" data-id=\"ffd72e0\" data-element_type=\"widget\" data-widget_type=\"spacer.default\">\n\t\t\t\t<div class=\"elementor-widget-container\">\n\t\t\t\t\t\t\t<div class=\"elementor-spacer\">\n\t\t\t<div class=\"elementor-spacer-inner\"><\/div>\n\t\t<\/div>\n\t\t\t\t\t\t<\/div>\n\t\t\t\t<\/div>\n\t\t\t\t<div class=\"elementor-element elementor-element-4b86d0d elementor-widget elementor-widget-heading\" data-id=\"4b86d0d\" data-element_type=\"widget\" data-widget_type=\"heading.default\">\n\t\t\t\t<div class=\"elementor-widget-container\">\n\t\t\t\t\t<h2 class=\"elementor-heading-title elementor-size-default\">Politique d'annulation et de remboursement<\/h2>\t\t\t\t<\/div>\n\t\t\t\t<\/div>\n\t\t\t\t<div class=\"elementor-element elementor-element-f6a8eda elementor-widget elementor-widget-text-editor\" data-id=\"f6a8eda\" data-element_type=\"widget\" data-widget_type=\"text-editor.default\">\n\t\t\t\t<div class=\"elementor-widget-container\">\n\t\t\t\t\t\t\t\t\t<ul>\n<li>Les changements de r\u00e9servation peuvent \u00eatre effectu\u00e9s une seule fois, jusqu&rsquo;\u00e0 2 jours avant le rendez-vous.<\/li>\n<li>En cas de non-pr\u00e9sentation, aucun remboursement ou changement d&rsquo;horaire n&rsquo;est possible.<\/li>\n<li>Si vous avez plus de 15 minutes de retard sans pr\u00e9avis, <br>votre r\u00e9servation peut \u00eatre annul\u00e9e et consid\u00e9r\u00e9e comme une non-pr\u00e9sentation.<\/li>\n<li>Si vous arrivez en retard, un temps d&rsquo;attente peut se produire et la dur\u00e9e du service peut \u00eatre raccourcie<br>.<\/li>\n<li>3 jours avant : remboursement \u00e0 100% <br>(hors frais de transaction)<\/li>\n<li>2 jours avant : 40% de remboursement <br>(hors frais de transaction)<\/li>\n<li>1 jour avant : 20% de remboursement <br>(hors frais de transaction)<\/li>\n<li>Les \u00e9ventuels frais d&rsquo;annulation sont \u00e0 la charge du client <br>.<\/li>\n<li>Pour toute question concernant les changements de r\u00e9servation ou les annulations<br>veuillez nous contacter uniquement via Instagram DM <a href=\"https:\/\/www.instagram.com\/seoulhairsalon\" target=\"_blank\" rel=\"noopener\">@seoulhairsalon<\/a>.<\/li>\n<\/ul>\t\t\t\t\t\t\t\t<\/div>\n\t\t\t\t<\/div>\n\t\t\t\t<div class=\"elementor-element elementor-element-941c8bf elementor-widget elementor-widget-google_maps\" data-id=\"941c8bf\" data-element_type=\"widget\" data-widget_type=\"google_maps.default\">\n\t\t\t\t<div class=\"elementor-widget-container\">\n\t\t\t\t\t\t\t<div class=\"elementor-custom-embed\">\n\t\t\t<iframe loading=\"lazy\"\n\t\t\t\t\tsrc=\"https:\/\/www.google.com\/maps\/embed\/v1\/place?key=AIzaSyAcF3fkSnUFDZbuTrcC2H74M54-jotysJU&#038;q=Seoul%2C%20Jung%20District%2C%20Dasan-ro%2C%2096%20%EC%97%90%EC%9D%B4%EB%B0%94%ED%97%A4%EC%96%B4%20%ED%95%9C%EB%82%A8%EC%95%BD%EC%88%98%EC%A0%90%203%EC%B8%B5&#038;zoom=18\"\n\t\t\t\t\ttitle=\"Seoul, Jung District, Dasan-ro, 96 \uc5d0\uc774\ubc14\ud5e4\uc5b4 \ud55c\ub0a8\uc57d\uc218\uc810 3\uce35\"\n\t\t\t\t\taria-label=\"Seoul, Jung District, Dasan-ro, 96 \uc5d0\uc774\ubc14\ud5e4\uc5b4 \ud55c\ub0a8\uc57d\uc218\uc810 3\uce35\"\n\t\t\t><\/iframe>\n\t\t<\/div>\n\t\t\t\t\t\t<\/div>\n\t\t\t\t<\/div>\n\t\t\t\t<\/div>\n\t\t\t\t<\/div>\n\t\t\t\t<\/div>\n\t\t","protected":false},"excerpt":{"rendered":"<p>Salon de coiffure cor\u00e9en de S\u00e9oul R\u00e9servation Bienvenue sur la page de r\u00e9servation du salon de coiffure Korean Seoul .Veuillez suivre les \u00e9tapes ci-dessous pour effectuer votre r\u00e9servation en toute simplicit\u00e9. Comment r\u00e9server 1. S\u00e9lectionnez le nombre d&rsquo;invit\u00e9s.2. Choisissez la date et l&rsquo;heure souhait\u00e9es.3. Indiquez vos coordonn\u00e9es personnelles et les services souhait\u00e9s.4. Effectuez le paiement [&hellip;]<\/p>\n","protected":false},"author":1,"featured_media":0,"parent":0,"menu_order":0,"comment_status":"closed","ping_status":"closed","template":"","meta":{"site-sidebar-layout":"no-sidebar","site-content-layout":"page-builder","ast-site-content-layout":"full-width-container","site-content-style":"unboxed","site-sidebar-style":"unboxed","ast-global-header-display":"","ast-banner-title-visibility":"","ast-main-header-display":"","ast-hfb-above-header-display":"","ast-hfb-below-header-display":"","ast-hfb-mobile-header-display":"","site-post-title":"disabled","ast-breadcrumbs-content":"","ast-featured-img":"disabled","footer-sml-layout":"","theme-transparent-header-meta":"enabled","adv-header-id-meta":"","stick-header-meta":"","header-above-stick-meta":"","header-main-stick-meta":"","header-below-stick-meta":"","astra-migrate-meta-layouts":"default","ast-page-background-enabled":"default","ast-page-background-meta":{"desktop":{"background-color":"","background-image":"","background-repeat":"repeat","background-position":"center center","background-size":"auto","background-attachment":"scroll","background-type":"","background-media":"","overlay-type":"","overlay-color":"","overlay-opacity":"","overlay-gradient":""},"tablet":{"background-color":"","background-image":"","background-repeat":"repeat","background-position":"center center","background-size":"auto","background-attachment":"scroll","background-type":"","background-media":"","overlay-type":"","overlay-color":"","overlay-opacity":"","overlay-gradient":""},"mobile":{"background-color":"","background-image":"","background-repeat":"repeat","background-position":"center center","background-size":"auto","background-attachment":"scroll","background-type":"","background-media":"","overlay-type":"","overlay-color":"","overlay-opacity":"","overlay-gradient":""}},"ast-content-background-meta":{"desktop":{"background-color":"var(--ast-global-color-5)","background-image":"","background-repeat":"repeat","background-position":"center center","background-size":"auto","background-attachment":"scroll","background-type":"","background-media":"","overlay-type":"","overlay-color":"","overlay-opacity":"","overlay-gradient":""},"tablet":{"background-color":"var(--ast-global-color-5)","background-image":"","background-repeat":"repeat","background-position":"center center","background-size":"auto","background-attachment":"scroll","background-type":"","background-media":"","overlay-type":"","overlay-color":"","overlay-opacity":"","overlay-gradient":""},"mobile":{"background-color":"var(--ast-global-color-5)","background-image":"","background-repeat":"repeat","background-position":"center center","background-size":"auto","background-attachment":"scroll","background-type":"","background-media":"","overlay-type":"","overlay-color":"","overlay-opacity":"","overlay-gradient":""}},"footnotes":""},"class_list":["post-4025","page","type-page","status-publish","hentry"],"_links":{"self":[{"href":"https:\/\/seoulhairsalon.com\/fr\/wp-json\/wp\/v2\/pages\/4025","targetHints":{"allow":["GET"]}}],"collection":[{"href":"https:\/\/seoulhairsalon.com\/fr\/wp-json\/wp\/v2\/pages"}],"about":[{"href":"https:\/\/seoulhairsalon.com\/fr\/wp-json\/wp\/v2\/types\/page"}],"author":[{"embeddable":true,"href":"https:\/\/seoulhairsalon.com\/fr\/wp-json\/wp\/v2\/users\/1"}],"replies":[{"embeddable":true,"href":"https:\/\/seoulhairsalon.com\/fr\/wp-json\/wp\/v2\/comments?post=4025"}],"version-history":[{"count":0,"href":"https:\/\/seoulhairsalon.com\/fr\/wp-json\/wp\/v2\/pages\/4025\/revisions"}],"wp:attachment":[{"href":"https:\/\/seoulhairsalon.com\/fr\/wp-json\/wp\/v2\/media?parent=4025"}],"curies":[{"name":"wp","href":"https:\/\/api.w.org\/{rel}","templated":true}]}}